{"id":4643,"date":"2025-03-10T13:25:20","date_gmt":"2025-03-10T13:25:20","guid":{"rendered":"https:\/\/paleotraining.com\/?page_id=4643"},"modified":"2025-03-10T15:21:40","modified_gmt":"2025-03-10T15:21:40","slug":"digital-member-benefits","status":"publish","type":"page","link":"https:\/\/paleotraining.com\/es\/digital-member-benefits\/","title":{"rendered":"Digital Member Benefits"},"content":{"rendered":"<div data-elementor-type=\"wp-page\" data-elementor-id=\"4643\" class=\"elementor elementor-4643\">\n\t\t\t\t<div class=\"elementor-element elementor-element-20a14b4 e-flex e-con-boxed e-con e-parent\" data-id=\"20a14b4\" data-element_type=\"container\" data-settings=\"{&quot;background_background&quot;:&quot;classic&quot;}\">\n\t\t\t\t\t<div class=\"e-con-inner\">\n\t\t<div class=\"elementor-element elementor-element-f5dc959 e-grid e-con-full e-con e-child\" data-id=\"f5dc959\" data-element_type=\"container\">\n\t\t\t\t<div class=\"elementor-element elementor-element-372a828 archivo-expanded elementor-widget elementor-widget-heading\" data-id=\"372a828\" data-element_type=\"widget\" data-widget_type=\"heading.default\">\n\t\t\t\t<div class=\"elementor-widget-container\">\n\t\t\t\t\t<h2 class=\"elementor-heading-title elementor-size-default\"><div class=\"yellow-text\">DIGITAL<\/div>\nMember\nBenefits<\/h2>\t\t\t\t<\/div>\n\t\t\t\t<\/div>\n\t\t\t\t<div class=\"elementor-element elementor-element-4c3ec58 elementor-widget elementor-widget-text-editor\" data-id=\"4c3ec58\" data-element_type=\"widget\" data-widget_type=\"text-editor.default\">\n\t\t\t\t<div class=\"elementor-widget-container\">\n\t\t\t\t\t\t\t\t\t<p>As a Digital Member, you get:<\/p><ul><li>Full Access to the iPaleo App<\/li><li>Full Access to Wellfit personal training module<\/li><li>Meal Plan Support and guidance<\/li><li>Wellness Series Access<\/li><li>15% off your first purchase at the online store<\/li><li>20% off tickets for any local and global Paleotraining fitness &amp; health events.<\/li><\/ul>\t\t\t\t\t\t\t\t<\/div>\n\t\t\t\t<\/div>\n\t\t\t\t<\/div>\n\t\t\t\t\t<\/div>\n\t\t\t\t<\/div>\n\t\t<div class=\"elementor-element elementor-element-8c84cb8 e-grid e-con-boxed e-con e-parent\" data-id=\"8c84cb8\" data-element_type=\"container\" data-settings=\"{&quot;background_background&quot;:&quot;classic&quot;}\">\n\t\t\t\t\t<div class=\"e-con-inner\">\n\t\t<div class=\"elementor-element elementor-element-0f9042c e-con-full e-flex e-con e-child\" data-id=\"0f9042c\" data-element_type=\"container\">\n\t\t\t\t<div class=\"elementor-element elementor-element-c02bef1 archivo-expanded elementor-widget elementor-widget-heading\" data-id=\"c02bef1\" data-element_type=\"widget\" data-widget_type=\"heading.default\">\n\t\t\t\t<div class=\"elementor-widget-container\">\n\t\t\t\t\t<div class=\"elementor-heading-title elementor-size-default\">01<\/div>\t\t\t\t<\/div>\n\t\t\t\t<\/div>\n\t\t\t\t<div class=\"elementor-element elementor-element-4e4c12b archivo-expanded elementor-widget elementor-widget-heading\" data-id=\"4e4c12b\" data-element_type=\"widget\" data-widget_type=\"heading.default\">\n\t\t\t\t<div class=\"elementor-widget-container\">\n\t\t\t\t\t<h2 class=\"elementor-heading-title elementor-size-default\">Ipaleo APP<\/h2>\t\t\t\t<\/div>\n\t\t\t\t<\/div>\n\t\t\t\t<div class=\"elementor-element elementor-element-296c01d elementor-widget elementor-widget-text-editor\" data-id=\"296c01d\" data-element_type=\"widget\" data-widget_type=\"text-editor.default\">\n\t\t\t\t<div class=\"elementor-widget-container\">\n\t\t\t\t\t\t\t\t\t<p>Comprehensive PaleoTraining companion app: Book classes, workout, digital coaching, and personal coaching through WellFit..<br \/>Exercise Library and Pre-built Plans: Detailed instructions and videos, customized workout plans.<br \/>Wellness and Nutrition Features: Audio\/video meditations, stretching\/breathing exercises, recipes, and health tips.<\/p>\t\t\t\t\t\t\t\t<\/div>\n\t\t\t\t<\/div>\n\t\t\t\t<\/div>\n\t\t\t\t<div class=\"elementor-element elementor-element-b25ddd3 elementor-widget elementor-widget-image\" data-id=\"b25ddd3\" data-element_type=\"widget\" data-widget_type=\"image.default\">\n\t\t\t\t<div class=\"elementor-widget-container\">\n\t\t\t\t\t\t\t\t\t\t\t\t\t\t\t<img fetchpriority=\"high\" decoding=\"async\" width=\"592\" height=\"490\" src=\"https:\/\/paleotraining.com\/wp-content\/uploads\/2025\/03\/ipaleo-app.webp\" class=\"attachment-large size-large wp-image-4809\" alt=\"\" srcset=\"https:\/\/paleotraining.com\/wp-content\/uploads\/2025\/03\/ipaleo-app.webp 592w, https:\/\/paleotraining.com\/wp-content\/uploads\/2025\/03\/ipaleo-app-300x248.webp 300w, https:\/\/paleotraining.com\/wp-content\/uploads\/2025\/03\/ipaleo-app-14x12.webp 14w\" sizes=\"(max-width: 592px) 100vw, 592px\" \/>\t\t\t\t\t\t\t\t\t\t\t\t\t\t\t<\/div>\n\t\t\t\t<\/div>\n\t\t\t\t\t<\/div>\n\t\t\t\t<\/div>\n\t\t<div class=\"elementor-element elementor-element-c509eec e-grid e-con-boxed e-con e-parent\" data-id=\"c509eec\" data-element_type=\"container\" data-settings=\"{&quot;background_background&quot;:&quot;classic&quot;}\">\n\t\t\t\t\t<div class=\"e-con-inner\">\n\t\t<div class=\"elementor-element elementor-element-f0a6340 e-con-full e-flex e-con e-child\" data-id=\"f0a6340\" data-element_type=\"container\">\n\t\t\t\t<div class=\"elementor-element elementor-element-077ee6c archivo-expanded elementor-widget elementor-widget-heading\" data-id=\"077ee6c\" data-element_type=\"widget\" data-widget_type=\"heading.default\">\n\t\t\t\t<div class=\"elementor-widget-container\">\n\t\t\t\t\t<div class=\"elementor-heading-title elementor-size-default\">02<\/div>\t\t\t\t<\/div>\n\t\t\t\t<\/div>\n\t\t\t\t<div class=\"elementor-element elementor-element-124fe5e archivo-expanded elementor-widget elementor-widget-heading\" data-id=\"124fe5e\" data-element_type=\"widget\" data-widget_type=\"heading.default\">\n\t\t\t\t<div class=\"elementor-widget-container\">\n\t\t\t\t\t<h2 class=\"elementor-heading-title elementor-size-default\">Well fit<br>\npersonal Training<\/h2>\t\t\t\t<\/div>\n\t\t\t\t<\/div>\n\t\t\t\t<div class=\"elementor-element elementor-element-6fa3dd5 elementor-widget elementor-widget-text-editor\" data-id=\"6fa3dd5\" data-element_type=\"widget\" data-widget_type=\"text-editor.default\">\n\t\t\t\t<div class=\"elementor-widget-container\">\n\t\t\t\t\t\t\t\t\t<ul><li>Personalized Coaching and Guidance: WellFit provides expert advice and support from certified coaches.<\/li><li>Real-Time Communication: Connect with coaches via chat and video call in multiple languages.<\/li><\/ul>\t\t\t\t\t\t\t\t<\/div>\n\t\t\t\t<\/div>\n\t\t\t\t<\/div>\n\t\t\t\t<div class=\"elementor-element elementor-element-830475d elementor-widget elementor-widget-image\" data-id=\"830475d\" data-element_type=\"widget\" data-widget_type=\"image.default\">\n\t\t\t\t<div class=\"elementor-widget-container\">\n\t\t\t\t\t\t\t\t\t\t\t\t\t\t\t<img decoding=\"async\" width=\"592\" height=\"490\" src=\"https:\/\/paleotraining.com\/wp-content\/uploads\/2025\/03\/well-fit.webp\" class=\"attachment-large size-large wp-image-4810\" alt=\"\" srcset=\"https:\/\/paleotraining.com\/wp-content\/uploads\/2025\/03\/well-fit.webp 592w, https:\/\/paleotraining.com\/wp-content\/uploads\/2025\/03\/well-fit-300x248.webp 300w, https:\/\/paleotraining.com\/wp-content\/uploads\/2025\/03\/well-fit-14x12.webp 14w\" sizes=\"(max-width: 592px) 100vw, 592px\" \/>\t\t\t\t\t\t\t\t\t\t\t\t\t\t\t<\/div>\n\t\t\t\t<\/div>\n\t\t\t\t\t<\/div>\n\t\t\t\t<\/div>\n\t\t<div class=\"elementor-element elementor-element-d55fb83 e-grid e-con-boxed e-con e-parent\" data-id=\"d55fb83\" data-element_type=\"container\" data-settings=\"{&quot;background_background&quot;:&quot;classic&quot;}\">\n\t\t\t\t\t<div class=\"e-con-inner\">\n\t\t<div class=\"elementor-element elementor-element-e6964ff e-con-full e-flex e-con e-child\" data-id=\"e6964ff\" data-element_type=\"container\">\n\t\t\t\t<div class=\"elementor-element elementor-element-eaa7280 archivo-expanded elementor-widget elementor-widget-heading\" data-id=\"eaa7280\" data-element_type=\"widget\" data-widget_type=\"heading.default\">\n\t\t\t\t<div class=\"elementor-widget-container\">\n\t\t\t\t\t<div class=\"elementor-heading-title elementor-size-default\">03<\/div>\t\t\t\t<\/div>\n\t\t\t\t<\/div>\n\t\t\t\t<div class=\"elementor-element elementor-element-fb00ba4 archivo-expanded elementor-widget elementor-widget-heading\" data-id=\"fb00ba4\" data-element_type=\"widget\" data-widget_type=\"heading.default\">\n\t\t\t\t<div class=\"elementor-widget-container\">\n\t\t\t\t\t<h2 class=\"elementor-heading-title elementor-size-default\">WELLNESS Series<\/h2>\t\t\t\t<\/div>\n\t\t\t\t<\/div>\n\t\t\t\t<div class=\"elementor-element elementor-element-f4eb3b8 elementor-widget elementor-widget-text-editor\" data-id=\"f4eb3b8\" data-element_type=\"widget\" data-widget_type=\"text-editor.default\">\n\t\t\t\t<div class=\"elementor-widget-container\">\n\t\t\t\t\t\t\t\t\t<p>WellnessLab: \u00e9sta es una de las caracter\u00edsticas distintivas de PaleoTraining, un momento perfectamente dise\u00f1ado para adaptarse a tu forma f\u00edsica y tu salud. Nutricionistas, entrenadores y el mejor instructor de estilo de vida han creado una evaluaci\u00f3n perfectamente dise\u00f1ada para ti.<\/p>\t\t\t\t\t\t\t\t<\/div>\n\t\t\t\t<\/div>\n\t\t\t\t<\/div>\n\t\t\t\t<div class=\"elementor-element elementor-element-c7905e5 elementor-widget elementor-widget-image\" data-id=\"c7905e5\" data-element_type=\"widget\" data-widget_type=\"image.default\">\n\t\t\t\t<div class=\"elementor-widget-container\">\n\t\t\t\t\t\t\t\t\t\t\t\t\t\t\t<img decoding=\"async\" width=\"592\" height=\"490\" src=\"https:\/\/paleotraining.com\/wp-content\/uploads\/2025\/03\/wellness-series.webp\" class=\"attachment-large size-large wp-image-4813\" alt=\"\" srcset=\"https:\/\/paleotraining.com\/wp-content\/uploads\/2025\/03\/wellness-series.webp 592w, https:\/\/paleotraining.com\/wp-content\/uploads\/2025\/03\/wellness-series-300x248.webp 300w, https:\/\/paleotraining.com\/wp-content\/uploads\/2025\/03\/wellness-series-14x12.webp 14w\" sizes=\"(max-width: 592px) 100vw, 592px\" \/>\t\t\t\t\t\t\t\t\t\t\t\t\t\t\t<\/div>\n\t\t\t\t<\/div>\n\t\t\t\t\t<\/div>\n\t\t\t\t<\/div>\n\t\t<div class=\"elementor-element elementor-element-2e60aa0 e-flex e-con-boxed e-con e-parent\" data-id=\"2e60aa0\" data-element_type=\"container\" data-settings=\"{&quot;background_background&quot;:&quot;gradient&quot;}\">\n\t\t\t\t\t<div class=\"e-con-inner\">\n\t\t<div class=\"elementor-element elementor-element-084df72 e-grid e-con-full e-con e-child\" data-id=\"084df72\" data-element_type=\"container\">\n\t\t<div class=\"elementor-element elementor-element-2b8f56f e-con-full e-flex e-con e-child\" data-id=\"2b8f56f\" data-element_type=\"container\">\n\t\t\t\t<div class=\"elementor-element elementor-element-2e4c9ce archivo-expanded elementor-widget elementor-widget-heading\" data-id=\"2e4c9ce\" data-element_type=\"widget\" data-widget_type=\"heading.default\">\n\t\t\t\t<div class=\"elementor-widget-container\">\n\t\t\t\t\t<div class=\"elementor-heading-title elementor-size-default\">03<\/div>\t\t\t\t<\/div>\n\t\t\t\t<\/div>\n\t\t\t\t<div class=\"elementor-element elementor-element-f1d8635 archivo-expanded elementor-widget elementor-widget-heading\" data-id=\"f1d8635\" data-element_type=\"widget\" data-widget_type=\"heading.default\">\n\t\t\t\t<div class=\"elementor-widget-container\">\n\t\t\t\t\t<h2 class=\"elementor-heading-title elementor-size-default\">VIDEO<br>\nLIBRARY<\/h2>\t\t\t\t<\/div>\n\t\t\t\t<\/div>\n\t\t\t\t<div class=\"elementor-element elementor-element-9df77fc elementor-widget elementor-widget-text-editor\" data-id=\"9df77fc\" data-element_type=\"widget\" data-widget_type=\"text-editor.default\">\n\t\t\t\t<div class=\"elementor-widget-container\">\n\t\t\t\t\t\t\t\t\t<p>Get exclusive access to 1,000+ hours of on-demand classes. <br \/>Experience Wellness and Nutrition: Audio meditations, stretching breathing exercises, recipes, and healthy tips.<br \/>Wherever you are. Whenever you\u2019re ready.<\/p>\t\t\t\t\t\t\t\t<\/div>\n\t\t\t\t<\/div>\n\t\t\t\t<\/div>\n\t\t\t\t<div class=\"elementor-element elementor-element-451ca75 elementor-widget elementor-widget-image\" data-id=\"451ca75\" data-element_type=\"widget\" data-widget_type=\"image.default\">\n\t\t\t\t<div class=\"elementor-widget-container\">\n\t\t\t\t\t\t\t\t\t\t\t\t\t\t\t<img loading=\"lazy\" decoding=\"async\" width=\"1024\" height=\"865\" src=\"https:\/\/paleotraining.com\/wp-content\/uploads\/2025\/03\/video-library-1024x865.webp\" class=\"attachment-large size-large wp-image-4811\" alt=\"\" srcset=\"https:\/\/paleotraining.com\/wp-content\/uploads\/2025\/03\/video-library-1024x865.webp 1024w, https:\/\/paleotraining.com\/wp-content\/uploads\/2025\/03\/video-library-300x254.webp 300w, https:\/\/paleotraining.com\/wp-content\/uploads\/2025\/03\/video-library-768x649.webp 768w, https:\/\/paleotraining.com\/wp-content\/uploads\/2025\/03\/video-library-14x12.webp 14w, https:\/\/paleotraining.com\/wp-content\/uploads\/2025\/03\/video-library.webp 1059w\" sizes=\"(max-width: 1024px) 100vw, 1024px\" \/>\t\t\t\t\t\t\t\t\t\t\t\t\t\t\t<\/div>\n\t\t\t\t<\/div>\n\t\t\t\t<\/div>\n\t\t\t\t\t<\/div>\n\t\t\t\t<\/div>\n\t\t<div class=\"elementor-element elementor-element-6970caa e-grid e-con-boxed e-con e-parent\" data-id=\"6970caa\" data-element_type=\"container\" data-settings=\"{&quot;background_background&quot;:&quot;classic&quot;}\">\n\t\t\t\t\t<div class=\"e-con-inner\">\n\t\t<div class=\"elementor-element elementor-element-c074086 e-con-full e-flex e-con e-child\" data-id=\"c074086\" data-element_type=\"container\">\n\t\t\t\t<div class=\"elementor-element elementor-element-e8d94f0 archivo-expanded elementor-widget elementor-widget-heading\" data-id=\"e8d94f0\" data-element_type=\"widget\" data-widget_type=\"heading.default\">\n\t\t\t\t<div class=\"elementor-widget-container\">\n\t\t\t\t\t<div class=\"elementor-heading-title elementor-size-default\">05<\/div>\t\t\t\t<\/div>\n\t\t\t\t<\/div>\n\t\t\t\t<div class=\"elementor-element elementor-element-e968ffb archivo-expanded elementor-widget elementor-widget-heading\" data-id=\"e968ffb\" data-element_type=\"widget\" data-widget_type=\"heading.default\">\n\t\t\t\t<div class=\"elementor-widget-container\">\n\t\t\t\t\t<h2 class=\"elementor-heading-title elementor-size-default\">More Than<br>\nAn App<\/h2>\t\t\t\t<\/div>\n\t\t\t\t<\/div>\n\t\t\t\t<div class=\"elementor-element elementor-element-7dbc828 elementor-widget elementor-widget-text-editor\" data-id=\"7dbc828\" data-element_type=\"widget\" data-widget_type=\"text-editor.default\">\n\t\t\t\t<div class=\"elementor-widget-container\">\n\t\t\t\t\t\t\t\t\t<ul><li>Booking and Reserve your workouts and events.<\/li><li>AccessTrack your workouts, adapt them for other gyms or home training, communicate with your coaches, follow your meal plan, <br \/>and more.<\/li><\/ul>\t\t\t\t\t\t\t\t<\/div>\n\t\t\t\t<\/div>\n\t\t\t\t<\/div>\n\t\t\t\t<div class=\"elementor-element elementor-element-b6eed39 elementor-widget elementor-widget-image\" data-id=\"b6eed39\" data-element_type=\"widget\" data-widget_type=\"image.default\">\n\t\t\t\t<div class=\"elementor-widget-container\">\n\t\t\t\t\t\t\t\t\t\t\t\t\t\t\t<img loading=\"lazy\" decoding=\"async\" width=\"592\" height=\"490\" src=\"https:\/\/paleotraining.com\/wp-content\/uploads\/2025\/03\/more-than-anapp.webp\" class=\"attachment-large size-large wp-image-4812\" alt=\"\" srcset=\"https:\/\/paleotraining.com\/wp-content\/uploads\/2025\/03\/more-than-anapp.webp 592w, https:\/\/paleotraining.com\/wp-content\/uploads\/2025\/03\/more-than-anapp-300x248.webp 300w, https:\/\/paleotraining.com\/wp-content\/uploads\/2025\/03\/more-than-anapp-14x12.webp 14w\" sizes=\"(max-width: 592px) 100vw, 592px\" \/>\t\t\t\t\t\t\t\t\t\t\t\t\t\t\t<\/div>\n\t\t\t\t<\/div>\n\t\t\t\t\t<\/div>\n\t\t\t\t<\/div>\n\t\t\t\t<\/div>","protected":false},"excerpt":{"rendered":"<p>DIGITAL Member Benefits As a Digital Member, you get: Full Access to the iPaleo App Full Access to Wellfit personal training module Meal Plan Support and guidance Wellness Series Access 15% off your first purchase at the online store 20% off tickets for any local and global Paleotraining fitness &amp; health events. 01 Ipaleo APP [&hellip;]<\/p>","protected":false},"author":1,"featured_media":0,"parent":0,"menu_order":0,"comment_status":"closed","ping_status":"closed","template":"wp-custom-template-blank-full","meta":{"_acf_changed":false,"footnotes":""},"class_list":["post-4643","page","type-page","status-publish","hentry"],"acf":[],"_links":{"self":[{"href":"https:\/\/paleotraining.com\/es\/wp-json\/wp\/v2\/pages\/4643","targetHints":{"allow":["GET"]}}],"collection":[{"href":"https:\/\/paleotraining.com\/es\/wp-json\/wp\/v2\/pages"}],"about":[{"href":"https:\/\/paleotraining.com\/es\/wp-json\/wp\/v2\/types\/page"}],"author":[{"embeddable":true,"href":"https:\/\/paleotraining.com\/es\/wp-json\/wp\/v2\/users\/1"}],"replies":[{"embeddable":true,"href":"https:\/\/paleotraining.com\/es\/wp-json\/wp\/v2\/comments?post=4643"}],"version-history":[{"count":10,"href":"https:\/\/paleotraining.com\/es\/wp-json\/wp\/v2\/pages\/4643\/revisions"}],"predecessor-version":[{"id":4822,"href":"https:\/\/paleotraining.com\/es\/wp-json\/wp\/v2\/pages\/4643\/revisions\/4822"}],"wp:attachment":[{"href":"https:\/\/paleotraining.com\/es\/wp-json\/wp\/v2\/media?parent=4643"}],"curies":[{"name":"wp","href":"https:\/\/api.w.org\/{rel}","templated":true}]}}