{"id":4356,"date":"2025-02-26T14:52:03","date_gmt":"2025-02-26T14:52:03","guid":{"rendered":"https:\/\/paleotraining.com\/?page_id=4356"},"modified":"2025-02-26T14:55:26","modified_gmt":"2025-02-26T14:55:26","slug":"nutrition","status":"publish","type":"page","link":"https:\/\/paleotraining.com\/es\/nutrition\/","title":{"rendered":"Nutrici\u00f3n"},"content":{"rendered":"<div data-elementor-type=\"wp-page\" data-elementor-id=\"4356\" class=\"elementor elementor-4356\">\n\t\t\t\t<div class=\"elementor-element elementor-element-6a2a10d e-flex e-con-boxed e-con e-parent\" data-id=\"6a2a10d\" data-element_type=\"container\" data-settings=\"{&quot;background_background&quot;:&quot;classic&quot;}\">\n\t\t\t\t\t<div class=\"e-con-inner\">\n\t\t\t\t<div class=\"elementor-element elementor-element-cb1325d archivo-expanded elementor-widget elementor-widget-heading\" data-id=\"cb1325d\" data-element_type=\"widget\" data-widget_type=\"heading.default\">\n\t\t\t\t<div class=\"elementor-widget-container\">\n\t\t\t\t\t<h2 class=\"elementor-heading-title elementor-size-default\">NUTRITION<\/h2>\t\t\t\t<\/div>\n\t\t\t\t<\/div>\n\t\t\t\t<div class=\"elementor-element elementor-element-90a1b50 elementor-widget-divider--view-line elementor-widget elementor-widget-divider\" data-id=\"90a1b50\" data-element_type=\"widget\" data-widget_type=\"divider.default\">\n\t\t\t\t<div class=\"elementor-widget-container\">\n\t\t\t\t\t\t\t<div class=\"elementor-divider\">\n\t\t\t<span class=\"elementor-divider-separator\">\n\t\t\t\t\t\t<\/span>\n\t\t<\/div>\n\t\t\t\t\t\t<\/div>\n\t\t\t\t<\/div>\n\t\t\t\t<div class=\"elementor-element elementor-element-f73d55d elementor-widget elementor-widget-text-editor\" data-id=\"f73d55d\" data-element_type=\"widget\" data-widget_type=\"text-editor.default\">\n\t\t\t\t<div class=\"elementor-widget-container\">\n\t\t\t\t\t\t\t\t\t<p>Nuestro enfoque nutricional es incomparable por su singularidad y exhaustividad. Nos vamos m\u00e1s all\u00e1 de las simples pautas diet\u00e9ticas para brindarte un enfoque integral de nutrici\u00f3n. Nuestro an\u00e1lisis de composici\u00f3n corporal te ayuda a entender las necesidades y metas \u00fanicas de tu cuerpo, y nuestro equipo de expertos te brinda una orientaci\u00f3n nutricional personalizada adaptada a ti. Evaluamos los platos en cuanto a su valor nutricional, asegur\u00e1ndonos de que tomes decisiones informadas. Adem\u00e1s, nuestro avanzado esc\u00e1ner 3D te permite visualizar tu progreso y realizar un seguimiento de los cambios en tu cuerpo a lo largo del tiempo. Con m\u00e1s de 20 programas diet\u00e9ticos diferentes para elegir, puedes encontrar el que se adapte a tu estilo de vida y preferencias.<\/p>\t\t\t\t\t\t\t\t<\/div>\n\t\t\t\t<\/div>\n\t\t\t\t\t<\/div>\n\t\t\t\t<\/div>\n\t\t<div class=\"elementor-element elementor-element-da6f601 e-flex e-con-boxed e-con e-parent\" data-id=\"da6f601\" data-element_type=\"container\" data-settings=\"{&quot;background_background&quot;:&quot;classic&quot;}\">\n\t\t\t\t\t<div class=\"e-con-inner\">\n\t\t<div class=\"elementor-element elementor-element-01526e8 e-grid e-con-full e-con e-child\" data-id=\"01526e8\" data-element_type=\"container\">\n\t\t<div class=\"elementor-element elementor-element-19d3ff2 e-con-full e-flex e-con e-child\" data-id=\"19d3ff2\" data-element_type=\"container\">\n\t\t\t\t<div class=\"elementor-element elementor-element-e6dfe3e archivo-expanded elementor-widget elementor-widget-heading\" data-id=\"e6dfe3e\" data-element_type=\"widget\" data-widget_type=\"heading.default\">\n\t\t\t\t<div class=\"elementor-widget-container\">\n\t\t\t\t\t<div class=\"elementor-heading-title elementor-size-default\">01<\/div>\t\t\t\t<\/div>\n\t\t\t\t<\/div>\n\t\t\t\t<div class=\"elementor-element elementor-element-72bd426 archivo-expanded elementor-widget elementor-widget-heading\" data-id=\"72bd426\" data-element_type=\"widget\" data-widget_type=\"heading.default\">\n\t\t\t\t<div class=\"elementor-widget-container\">\n\t\t\t\t\t<h2 class=\"elementor-heading-title elementor-size-default\">Body composition analysis and recomposition assessment:<\/h2>\t\t\t\t<\/div>\n\t\t\t\t<\/div>\n\t\t\t\t<div class=\"elementor-element elementor-element-79f2fcd elementor-widget elementor-widget-text-editor\" data-id=\"79f2fcd\" data-element_type=\"widget\" data-widget_type=\"text-editor.default\">\n\t\t\t\t<div class=\"elementor-widget-container\">\n\t\t\t\t\t\t\t\t\t<p>Every single human is unique and has specific goals and capabilities. With our proper methodology, we can design the right goals for you.<\/p>\t\t\t\t\t\t\t\t<\/div>\n\t\t\t\t<\/div>\n\t\t\t\t<\/div>\n\t\t<div class=\"elementor-element elementor-element-e31a786 e-con-full e-flex e-con e-child\" data-id=\"e31a786\" data-element_type=\"container\">\n\t\t\t\t<div class=\"elementor-element elementor-element-f437193 archivo-expanded elementor-widget elementor-widget-heading\" data-id=\"f437193\" data-element_type=\"widget\" data-widget_type=\"heading.default\">\n\t\t\t\t<div class=\"elementor-widget-container\">\n\t\t\t\t\t<div class=\"elementor-heading-title elementor-size-default\">02<\/div>\t\t\t\t<\/div>\n\t\t\t\t<\/div>\n\t\t\t\t<div class=\"elementor-element elementor-element-c326d2e archivo-expanded elementor-widget elementor-widget-heading\" data-id=\"c326d2e\" data-element_type=\"widget\" data-widget_type=\"heading.default\">\n\t\t\t\t<div class=\"elementor-widget-container\">\n\t\t\t\t\t<h2 class=\"elementor-heading-title elementor-size-default\">Food guidance:<\/h2>\t\t\t\t<\/div>\n\t\t\t\t<\/div>\n\t\t\t\t<div class=\"elementor-element elementor-element-48320c4 elementor-widget elementor-widget-text-editor\" data-id=\"48320c4\" data-element_type=\"widget\" data-widget_type=\"text-editor.default\">\n\t\t\t\t<div class=\"elementor-widget-container\">\n\t\t\t\t\t\t\t\t\t<p>We have created something unique and efficient , a continuous coaching strategy based off the main principles of the proper human nutrition. With 2 clear phases, we make sure you get the right knowledge to embrace a change in your relationship with diets and food, and then we teach you and guise you how to surf through many strategies in order to stimulates your body as you never did.<\/p>\t\t\t\t\t\t\t\t<\/div>\n\t\t\t\t<\/div>\n\t\t\t\t<\/div>\n\t\t<div class=\"elementor-element elementor-element-0dedd26 e-con-full e-flex e-con e-child\" data-id=\"0dedd26\" data-element_type=\"container\">\n\t\t\t\t<div class=\"elementor-element elementor-element-a1d67f5 archivo-expanded elementor-widget elementor-widget-heading\" data-id=\"a1d67f5\" data-element_type=\"widget\" data-widget_type=\"heading.default\">\n\t\t\t\t<div class=\"elementor-widget-container\">\n\t\t\t\t\t<div class=\"elementor-heading-title elementor-size-default\">03<\/div>\t\t\t\t<\/div>\n\t\t\t\t<\/div>\n\t\t\t\t<div class=\"elementor-element elementor-element-462c5ac archivo-expanded elementor-widget elementor-widget-heading\" data-id=\"462c5ac\" data-element_type=\"widget\" data-widget_type=\"heading.default\">\n\t\t\t\t<div class=\"elementor-widget-container\">\n\t\t\t\t\t<h2 class=\"elementor-heading-title elementor-size-default\">Dishes evaluation:<\/h2>\t\t\t\t<\/div>\n\t\t\t\t<\/div>\n\t\t\t\t<div class=\"elementor-element elementor-element-9399289 elementor-widget elementor-widget-text-editor\" data-id=\"9399289\" data-element_type=\"widget\" data-widget_type=\"text-editor.default\">\n\t\t\t\t<div class=\"elementor-widget-container\">\n\t\t\t\t\t\t\t\t\t<p>Still with doubts?send us everyday your dishes and your coaches will reply you back with more information and option to improve your choices.<\/p>\t\t\t\t\t\t\t\t<\/div>\n\t\t\t\t<\/div>\n\t\t\t\t<\/div>\n\t\t<div class=\"elementor-element elementor-element-ded6267 e-con-full e-flex e-con e-child\" data-id=\"ded6267\" data-element_type=\"container\">\n\t\t\t\t<div class=\"elementor-element elementor-element-c039482 archivo-expanded elementor-widget elementor-widget-heading\" data-id=\"c039482\" data-element_type=\"widget\" data-widget_type=\"heading.default\">\n\t\t\t\t<div class=\"elementor-widget-container\">\n\t\t\t\t\t<div class=\"elementor-heading-title elementor-size-default\">04<\/div>\t\t\t\t<\/div>\n\t\t\t\t<\/div>\n\t\t\t\t<div class=\"elementor-element elementor-element-2405ede archivo-expanded elementor-widget elementor-widget-heading\" data-id=\"2405ede\" data-element_type=\"widget\" data-widget_type=\"heading.default\">\n\t\t\t\t<div class=\"elementor-widget-container\">\n\t\t\t\t\t<h2 class=\"elementor-heading-title elementor-size-default\">Recipes and diets:<\/h2>\t\t\t\t<\/div>\n\t\t\t\t<\/div>\n\t\t\t\t<div class=\"elementor-element elementor-element-45253ce elementor-widget elementor-widget-text-editor\" data-id=\"45253ce\" data-element_type=\"widget\" data-widget_type=\"text-editor.default\">\n\t\t\t\t<div class=\"elementor-widget-container\">\n\t\t\t\t\t\t\t\t\t<p>We have the most varied and adapted different approaches to your diet: primal, paleo, vegan, animal based, plant based, carnivore, pescatarian, flexitarian, Keto, Performance and so many others, all of them under the same umbrella of purpose: you choose the option, we design ir for you and together we nourish yourself in the best way ever.<\/p>\t\t\t\t\t\t\t\t<\/div>\n\t\t\t\t<\/div>\n\t\t\t\t<\/div>\n\t\t<div class=\"elementor-element elementor-element-1ca9159 e-con-full e-flex e-con e-child\" data-id=\"1ca9159\" data-element_type=\"container\">\n\t\t\t\t<div class=\"elementor-element elementor-element-1e3cd5e archivo-expanded elementor-widget elementor-widget-heading\" data-id=\"1e3cd5e\" data-element_type=\"widget\" data-widget_type=\"heading.default\">\n\t\t\t\t<div class=\"elementor-widget-container\">\n\t\t\t\t\t<div class=\"elementor-heading-title elementor-size-default\">05<\/div>\t\t\t\t<\/div>\n\t\t\t\t<\/div>\n\t\t\t\t<div class=\"elementor-element elementor-element-b07e701 archivo-expanded elementor-widget elementor-widget-heading\" data-id=\"b07e701\" data-element_type=\"widget\" data-widget_type=\"heading.default\">\n\t\t\t\t<div class=\"elementor-widget-container\">\n\t\t\t\t\t<h2 class=\"elementor-heading-title elementor-size-default\">Continuous feedback:<\/h2>\t\t\t\t<\/div>\n\t\t\t\t<\/div>\n\t\t\t\t<div class=\"elementor-element elementor-element-9be2cdd elementor-widget elementor-widget-text-editor\" data-id=\"9be2cdd\" data-element_type=\"widget\" data-widget_type=\"text-editor.default\">\n\t\t\t\t<div class=\"elementor-widget-container\">\n\t\t\t\t\t\t\t\t\t<p>Your membership fee has no 2 classes, everything is included\u2026and you can have the guidance of your coaches as frequent as you need. Just check the schedule and make your appointment<\/p>\t\t\t\t\t\t\t\t<\/div>\n\t\t\t\t<\/div>\n\t\t\t\t<\/div>\n\t\t\t\t<\/div>\n\t\t\t\t\t<\/div>\n\t\t\t\t<\/div>\n\t\t\t\t<\/div>","protected":false},"excerpt":{"rendered":"<p>NUTRITION Our nutrition approach is unparalleled in its uniqueness and comprehensiveness. We go beyond basic dietary guidelines to provide you with a holistic approach to nutrition. Our body composition analysis helps you understand your body\u2019s unique needs and goals, and our team of experts offers personalized nutritional guidance tailored to you. We evaluate dishes for [&hellip;]<\/p>","protected":false},"author":1,"featured_media":0,"parent":0,"menu_order":0,"comment_status":"closed","ping_status":"closed","template":"wp-custom-template-blank-full","meta":{"_acf_changed":false,"footnotes":""},"class_list":["post-4356","page","type-page","status-publish","hentry"],"acf":[],"_links":{"self":[{"href":"https:\/\/paleotraining.com\/es\/wp-json\/wp\/v2\/pages\/4356","targetHints":{"allow":["GET"]}}],"collection":[{"href":"https:\/\/paleotraining.com\/es\/wp-json\/wp\/v2\/pages"}],"about":[{"href":"https:\/\/paleotraining.com\/es\/wp-json\/wp\/v2\/types\/page"}],"author":[{"embeddable":true,"href":"https:\/\/paleotraining.com\/es\/wp-json\/wp\/v2\/users\/1"}],"replies":[{"embeddable":true,"href":"https:\/\/paleotraining.com\/es\/wp-json\/wp\/v2\/comments?post=4356"}],"version-history":[{"count":4,"href":"https:\/\/paleotraining.com\/es\/wp-json\/wp\/v2\/pages\/4356\/revisions"}],"predecessor-version":[{"id":4369,"href":"https:\/\/paleotraining.com\/es\/wp-json\/wp\/v2\/pages\/4356\/revisions\/4369"}],"wp:attachment":[{"href":"https:\/\/paleotraining.com\/es\/wp-json\/wp\/v2\/media?parent=4356"}],"curies":[{"name":"wp","href":"https:\/\/api.w.org\/{rel}","templated":true}]}}