{"id":4145,"date":"2025-02-17T20:50:08","date_gmt":"2025-02-17T20:50:08","guid":{"rendered":"https:\/\/paleotraining.com\/?page_id=4145"},"modified":"2025-03-10T13:22:35","modified_gmt":"2025-03-10T13:22:35","slug":"wellness","status":"publish","type":"page","link":"https:\/\/paleotraining.com\/es\/wellness\/","title":{"rendered":"Bienestar"},"content":{"rendered":"<div data-elementor-type=\"wp-page\" data-elementor-id=\"4145\" class=\"elementor elementor-4145\">\n\t\t\t\t<div class=\"elementor-element elementor-element-acaff0c e-flex e-con-boxed e-con e-parent\" data-id=\"acaff0c\" data-element_type=\"container\" data-settings=\"{&quot;background_background&quot;:&quot;classic&quot;}\">\n\t\t\t\t\t<div class=\"e-con-inner\">\n\t\t\t\t<div class=\"elementor-element elementor-element-e44b1d5 archivo-expanded elementor-widget elementor-widget-heading\" data-id=\"e44b1d5\" data-element_type=\"widget\" data-widget_type=\"heading.default\">\n\t\t\t\t<div class=\"elementor-widget-container\">\n\t\t\t\t\t<h2 class=\"elementor-heading-title elementor-size-default\">Bienestar<\/h2>\t\t\t\t<\/div>\n\t\t\t\t<\/div>\n\t\t\t\t<div class=\"elementor-element elementor-element-65df290 elementor-widget-divider--view-line elementor-widget elementor-widget-divider\" data-id=\"65df290\" data-element_type=\"widget\" data-widget_type=\"divider.default\">\n\t\t\t\t<div class=\"elementor-widget-container\">\n\t\t\t\t\t\t\t<div class=\"elementor-divider\">\n\t\t\t<span class=\"elementor-divider-separator\">\n\t\t\t\t\t\t<\/span>\n\t\t<\/div>\n\t\t\t\t\t\t<\/div>\n\t\t\t\t<\/div>\n\t\t\t\t<div class=\"elementor-element elementor-element-2f4bdbc elementor-widget elementor-widget-text-editor\" data-id=\"2f4bdbc\" data-element_type=\"widget\" data-widget_type=\"text-editor.default\">\n\t\t\t\t<div class=\"elementor-widget-container\">\n\t\t\t\t\t\t\t\t\t<p>Entendemos que el verdadero bienestar abarca m\u00e1s que simplemente la forma f\u00edsica. Creemos en el bienestar que se enfoca en nutrir tu mente, cuerpo y alma. Por eso, presentamos nuestra Serie de Bienestar: breves sesiones enfocadas en 4 \u00e1reas: mindfulness, respiraci\u00f3n, aprendizaje y recuperaci\u00f3n.<\/p><p>Nuestras pr\u00e1cticas de mindfulness te ayudan a encontrar la calma interna y el equilibrio en medio del caos de la vida diaria. Nuestras sesiones de respiraci\u00f3n te gu\u00edan a trav\u00e9s de poderosas t\u00e9cnicas de respiraci\u00f3n que mejoran tu bienestar general. Al final de cada entrenamiento, ofrecemos una sesi\u00f3n \u00fanica de 5 minutos dedicada a la movilidad y recuperaci\u00f3n muscular, permiti\u00e9ndote relajarte y rejuvenecer. Y adem\u00e1s de eso, tenemos algo \u00fanico y especial: nuestras micro-lecciones, 5 minutos de clases cortas y precisas que tratan muchos de los temas relacionados con nuestros 4 pilares: movimiento, nutrici\u00f3n, bienestar y comunidad. \u00a1Descubre el bienestar integral con nosotros!<\/p>\t\t\t\t\t\t\t\t<\/div>\n\t\t\t\t<\/div>\n\t\t\t\t\t<\/div>\n\t\t\t\t<\/div>\n\t\t<div class=\"elementor-element elementor-element-e38f162 e-con-full e-flex e-con e-parent\" data-id=\"e38f162\" data-element_type=\"container\">\n\t\t\t\t<div class=\"elementor-element elementor-element-84d3a9f elementor-widget elementor-widget-image\" data-id=\"84d3a9f\" data-element_type=\"widget\" data-widget_type=\"image.default\">\n\t\t\t\t<div class=\"elementor-widget-container\">\n\t\t\t\t\t\t\t\t\t\t\t\t\t\t\t<img fetchpriority=\"high\" decoding=\"async\" width=\"2560\" height=\"1317\" src=\"https:\/\/paleotraining.com\/wp-content\/uploads\/2025\/03\/Wellness-scaled.webp\" class=\"attachment-full size-full wp-image-4636\" alt=\"\" srcset=\"https:\/\/paleotraining.com\/wp-content\/uploads\/2025\/03\/Wellness-scaled.webp 2560w, https:\/\/paleotraining.com\/wp-content\/uploads\/2025\/03\/Wellness-300x154.webp 300w, https:\/\/paleotraining.com\/wp-content\/uploads\/2025\/03\/Wellness-1024x527.webp 1024w, https:\/\/paleotraining.com\/wp-content\/uploads\/2025\/03\/Wellness-768x395.webp 768w, https:\/\/paleotraining.com\/wp-content\/uploads\/2025\/03\/Wellness-1536x790.webp 1536w, https:\/\/paleotraining.com\/wp-content\/uploads\/2025\/03\/Wellness-2048x1054.webp 2048w, https:\/\/paleotraining.com\/wp-content\/uploads\/2025\/03\/Wellness-18x9.webp 18w\" sizes=\"(max-width: 2560px) 100vw, 2560px\" \/>\t\t\t\t\t\t\t\t\t\t\t\t\t\t\t<\/div>\n\t\t\t\t<\/div>\n\t\t\t\t<\/div>\n\t\t<div class=\"elementor-element elementor-element-d0140d1 e-flex e-con-boxed e-con e-parent\" data-id=\"d0140d1\" data-element_type=\"container\" data-settings=\"{&quot;background_background&quot;:&quot;classic&quot;}\">\n\t\t\t\t\t<div class=\"e-con-inner\">\n\t\t<div class=\"elementor-element elementor-element-4a541ed e-grid e-con-full e-con e-child\" data-id=\"4a541ed\" data-element_type=\"container\">\n\t\t<div class=\"elementor-element elementor-element-c1d9cc8 e-con-full e-flex e-con e-child\" data-id=\"c1d9cc8\" data-element_type=\"container\">\n\t\t\t\t<div class=\"elementor-element elementor-element-198a4cc archivo-expanded elementor-widget elementor-widget-heading\" data-id=\"198a4cc\" data-element_type=\"widget\" data-widget_type=\"heading.default\">\n\t\t\t\t<div class=\"elementor-widget-container\">\n\t\t\t\t\t<div class=\"elementor-heading-title elementor-size-default\">01<\/div>\t\t\t\t<\/div>\n\t\t\t\t<\/div>\n\t\t\t\t<div class=\"elementor-element elementor-element-2e6f88f archivo-expanded elementor-widget elementor-widget-heading\" data-id=\"2e6f88f\" data-element_type=\"widget\" data-widget_type=\"heading.default\">\n\t\t\t\t<div class=\"elementor-widget-container\">\n\t\t\t\t\t<h2 class=\"elementor-heading-title elementor-size-default\">MindFullness sessions:<\/h2>\t\t\t\t<\/div>\n\t\t\t\t<\/div>\n\t\t\t\t<div class=\"elementor-element elementor-element-1a3b221 elementor-widget elementor-widget-text-editor\" data-id=\"1a3b221\" data-element_type=\"widget\" data-widget_type=\"text-editor.default\">\n\t\t\t\t<div class=\"elementor-widget-container\">\n\t\t\t\t\t\t\t\t\t<p>from 5 to 20 min, we have covered everything you need for getting started in meditation or regardless your expertise, if you need some short burst of calm and focus. In our micro sessions of wellness you will travel through mindfulness experiences centered on \u201cFocused Attention\u201d, \u201cFull Awareness\u201d or \u201cVisualizations\u201d.<\/p>\t\t\t\t\t\t\t\t<\/div>\n\t\t\t\t<\/div>\n\t\t\t\t<\/div>\n\t\t<div class=\"elementor-element elementor-element-720efea e-con-full e-flex e-con e-child\" data-id=\"720efea\" data-element_type=\"container\">\n\t\t\t\t<div class=\"elementor-element elementor-element-6b2cfb3 archivo-expanded elementor-widget elementor-widget-heading\" data-id=\"6b2cfb3\" data-element_type=\"widget\" data-widget_type=\"heading.default\">\n\t\t\t\t<div class=\"elementor-widget-container\">\n\t\t\t\t\t<div class=\"elementor-heading-title elementor-size-default\">02<\/div>\t\t\t\t<\/div>\n\t\t\t\t<\/div>\n\t\t\t\t<div class=\"elementor-element elementor-element-d4b7cb8 archivo-expanded elementor-widget elementor-widget-heading\" data-id=\"d4b7cb8\" data-element_type=\"widget\" data-widget_type=\"heading.default\">\n\t\t\t\t<div class=\"elementor-widget-container\">\n\t\t\t\t\t<h2 class=\"elementor-heading-title elementor-size-default\">BreathWork sessions:<\/h2>\t\t\t\t<\/div>\n\t\t\t\t<\/div>\n\t\t\t\t<div class=\"elementor-element elementor-element-f3d50c8 elementor-widget elementor-widget-text-editor\" data-id=\"f3d50c8\" data-element_type=\"widget\" data-widget_type=\"text-editor.default\">\n\t\t\t\t<div class=\"elementor-widget-container\">\n\t\t\t\t\t\t\t\t\t<p>air the beginning of life. We know that and that is why we have developed this proprietary product for our members. From practices focused in the muscle training, or in the biochemistry procedures and even on the consciousness itself, with these exercises in 5 min to 10 min practices, we are sure you will learn the power of breathing forever.<\/p>\t\t\t\t\t\t\t\t<\/div>\n\t\t\t\t<\/div>\n\t\t\t\t<\/div>\n\t\t<div class=\"elementor-element elementor-element-2be86e0 e-con-full e-flex e-con e-child\" data-id=\"2be86e0\" data-element_type=\"container\">\n\t\t\t\t<div class=\"elementor-element elementor-element-3589752 archivo-expanded elementor-widget elementor-widget-heading\" data-id=\"3589752\" data-element_type=\"widget\" data-widget_type=\"heading.default\">\n\t\t\t\t<div class=\"elementor-widget-container\">\n\t\t\t\t\t<div class=\"elementor-heading-title elementor-size-default\">03<\/div>\t\t\t\t<\/div>\n\t\t\t\t<\/div>\n\t\t\t\t<div class=\"elementor-element elementor-element-0a67209 archivo-expanded elementor-widget elementor-widget-heading\" data-id=\"0a67209\" data-element_type=\"widget\" data-widget_type=\"heading.default\">\n\t\t\t\t<div class=\"elementor-widget-container\">\n\t\t\t\t\t<h2 class=\"elementor-heading-title elementor-size-default\">Muscle Recovery:<\/h2>\t\t\t\t<\/div>\n\t\t\t\t<\/div>\n\t\t\t\t<div class=\"elementor-element elementor-element-409a8e9 elementor-widget elementor-widget-text-editor\" data-id=\"409a8e9\" data-element_type=\"widget\" data-widget_type=\"text-editor.default\">\n\t\t\t\t<div class=\"elementor-widget-container\">\n\t\t\t\t\t\t\t\t\t<p>we teach how to move for the long term, and that means you are about to embrace a fitness model for the rest of your life. In that context , some recovery and care of all your soft tissues is needed, and that is the rationale behind these sessions: foam roller, triggers balls, theraguns and self-massage micro sessions after the workouts are incredible power in your recovery.<\/p>\t\t\t\t\t\t\t\t<\/div>\n\t\t\t\t<\/div>\n\t\t\t\t<\/div>\n\t\t<div class=\"elementor-element elementor-element-05d2383 e-con-full e-flex e-con e-child\" data-id=\"05d2383\" data-element_type=\"container\">\n\t\t\t\t<div class=\"elementor-element elementor-element-b066534 archivo-expanded elementor-widget elementor-widget-heading\" data-id=\"b066534\" data-element_type=\"widget\" data-widget_type=\"heading.default\">\n\t\t\t\t<div class=\"elementor-widget-container\">\n\t\t\t\t\t<div class=\"elementor-heading-title elementor-size-default\">04<\/div>\t\t\t\t<\/div>\n\t\t\t\t<\/div>\n\t\t\t\t<div class=\"elementor-element elementor-element-49a5314 archivo-expanded elementor-widget elementor-widget-heading\" data-id=\"49a5314\" data-element_type=\"widget\" data-widget_type=\"heading.default\">\n\t\t\t\t<div class=\"elementor-widget-container\">\n\t\t\t\t\t<h2 class=\"elementor-heading-title elementor-size-default\">Learnings:<\/h2>\t\t\t\t<\/div>\n\t\t\t\t<\/div>\n\t\t\t\t<div class=\"elementor-element elementor-element-7fbc190 elementor-widget elementor-widget-text-editor\" data-id=\"7fbc190\" data-element_type=\"widget\" data-widget_type=\"text-editor.default\">\n\t\t\t\t<div class=\"elementor-widget-container\">\n\t\t\t\t\t\t\t\t\t<p>it seems that 5 min isn\u2019t too much if you want to learn something new, but not in PaleoTraining: topics as myths in nutrition, travel kits, physiology, hypertrophy, recon strategies are explained through our 5 min classes in a way you never see before. With more information, you\u2019ll have more knowledge and from there you will be able to make better decisions in your lifestyle. We empower you with those learnings.<\/p>\t\t\t\t\t\t\t\t<\/div>\n\t\t\t\t<\/div>\n\t\t\t\t<\/div>\n\t\t\t\t<\/div>\n\t\t\t\t\t<\/div>\n\t\t\t\t<\/div>\n\t\t\t\t<\/div>","protected":false},"excerpt":{"rendered":"<p>Wellness We understand that true well-being encompasses more than just physical fitness. We believe in the wellness that focuses on nurturing your mind, body, and soul. That is the reason behind our Wellness Series: short sessions of wellbeing focuses of 4 fields: mindfulness, breathwork, learning and recovery. Our mindfulness practices help you find inner calm [&hellip;]<\/p>","protected":false},"author":1,"featured_media":0,"parent":0,"menu_order":0,"comment_status":"closed","ping_status":"closed","template":"wp-custom-template-blank-full","meta":{"_acf_changed":false,"footnotes":""},"class_list":["post-4145","page","type-page","status-publish","hentry"],"acf":[],"_links":{"self":[{"href":"https:\/\/paleotraining.com\/es\/wp-json\/wp\/v2\/pages\/4145","targetHints":{"allow":["GET"]}}],"collection":[{"href":"https:\/\/paleotraining.com\/es\/wp-json\/wp\/v2\/pages"}],"about":[{"href":"https:\/\/paleotraining.com\/es\/wp-json\/wp\/v2\/types\/page"}],"author":[{"embeddable":true,"href":"https:\/\/paleotraining.com\/es\/wp-json\/wp\/v2\/users\/1"}],"replies":[{"embeddable":true,"href":"https:\/\/paleotraining.com\/es\/wp-json\/wp\/v2\/comments?post=4145"}],"version-history":[{"count":17,"href":"https:\/\/paleotraining.com\/es\/wp-json\/wp\/v2\/pages\/4145\/revisions"}],"predecessor-version":[{"id":4639,"href":"https:\/\/paleotraining.com\/es\/wp-json\/wp\/v2\/pages\/4145\/revisions\/4639"}],"wp:attachment":[{"href":"https:\/\/paleotraining.com\/es\/wp-json\/wp\/v2\/media?parent=4145"}],"curies":[{"name":"wp","href":"https:\/\/api.w.org\/{rel}","templated":true}]}}