{"id":4083,"date":"2025-02-17T19:59:56","date_gmt":"2025-02-17T19:59:56","guid":{"rendered":"https:\/\/paleotraining.com\/?page_id=4083"},"modified":"2025-02-17T21:09:38","modified_gmt":"2025-02-17T21:09:38","slug":"blog","status":"publish","type":"page","link":"https:\/\/paleotraining.com\/es\/blog\/","title":{"rendered":"Blog"},"content":{"rendered":"<div data-elementor-type=\"wp-page\" data-elementor-id=\"4083\" class=\"elementor elementor-4083\">\n\t\t\t\t<div class=\"elementor-element elementor-element-a40cf34 e-flex e-con-boxed e-con e-parent\" data-id=\"a40cf34\" data-element_type=\"container\" data-settings=\"{&quot;background_background&quot;:&quot;classic&quot;}\">\n\t\t\t\t\t<div class=\"e-con-inner\">\n\t\t<div class=\"elementor-element elementor-element-887fdd0 e-grid e-con-full e-con e-child\" data-id=\"887fdd0\" data-element_type=\"container\">\n\t\t\t\t<div class=\"elementor-element elementor-element-882003f archivo-expanded elementor-widget elementor-widget-heading\" data-id=\"882003f\" data-element_type=\"widget\" data-widget_type=\"heading.default\">\n\t\t\t\t<div class=\"elementor-widget-container\">\n\t\t\t\t\t<h2 class=\"elementor-heading-title elementor-size-default\">Blog<\/h2>\t\t\t\t<\/div>\n\t\t\t\t<\/div>\n\t\t\t\t<div class=\"elementor-element elementor-element-1def055 elementor-widget elementor-widget-text-editor\" data-id=\"1def055\" data-element_type=\"widget\" data-widget_type=\"text-editor.default\">\n\t\t\t\t<div class=\"elementor-widget-container\">\n\t\t\t\t\t\t\t\t\t<p>Our workouts focus on functional, real and human movements in a living, wild and nature-like environment.<\/p>\t\t\t\t\t\t\t\t<\/div>\n\t\t\t\t<\/div>\n\t\t\t\t<\/div>\n\t\t\t\t\t<\/div>\n\t\t\t\t<\/div>\n\t\t<div class=\"elementor-element elementor-element-bb23ab2 e-flex e-con-boxed e-con e-parent\" data-id=\"bb23ab2\" data-element_type=\"container\" data-settings=\"{&quot;background_background&quot;:&quot;classic&quot;}\">\n\t\t\t\t\t<div class=\"e-con-inner\">\n\t\t\t\t<div class=\"elementor-element elementor-element-0771305 elementor-widget elementor-widget-shortcode\" data-id=\"0771305\" data-element_type=\"widget\" data-widget_type=\"shortcode.default\">\n\t\t\t\t<div class=\"elementor-widget-container\">\n\t\t\t\t\t\t\t<div class=\"elementor-shortcode\"><div class=\"paleo-blog-list\">\n\t\n\t\t\t<article class=\"paleo-blog-post\">\n\t\t\t<div class=\"paleo-blog-post-image\">\n\t\t\t\t<img fetchpriority=\"high\" decoding=\"async\" width=\"1280\" height=\"853\" src=\"https:\/\/paleotraining.com\/wp-content\/uploads\/2023\/12\/42.jpg\" class=\"attachment-full size-full wp-post-image\" alt=\"\" srcset=\"https:\/\/paleotraining.com\/wp-content\/uploads\/2023\/12\/42.jpg 1280w, https:\/\/paleotraining.com\/wp-content\/uploads\/2023\/12\/42-300x200.jpg 300w, https:\/\/paleotraining.com\/wp-content\/uploads\/2023\/12\/42-1024x682.jpg 1024w, https:\/\/paleotraining.com\/wp-content\/uploads\/2023\/12\/42-768x512.jpg 768w, https:\/\/paleotraining.com\/wp-content\/uploads\/2023\/12\/42-18x12.jpg 18w\" sizes=\"(max-width: 1280px) 100vw, 1280px\" \/>\t\t\t<\/div>\n\t\t\t<div class=\"paleo-blog-post-content\">\n\t\t\t\t<h2 class=\"paleo-blog-post-title archivo-expanded\">\n\t\t\t\t\tVit Sun: La Importancia de la Vitamina del Sol\t\t\t\t<\/h2>\n\t\t\t\t<p class=\"paleo-blog-post-subtitle\">\n\t\t\t\t\t\"Where air and sun enter, the doctor does not.\" #realhabits\t\t\t\t<\/p>\n\t\t\t\t<a class=\"paleo-blog-readmore\" href=\"https:\/\/paleotraining.com\/es\/2023\/12\/11\/vit-sun-the-importance-of-the-sun-vitamin\/\">Leer M\u00e1s<\/a>\n        \n\t\t\t<\/div>\n\t\t<\/article>\n\t\t\t<article class=\"paleo-blog-post\">\n\t\t\t<div class=\"paleo-blog-post-image\">\n\t\t\t\t<img decoding=\"async\" width=\"2400\" height=\"1599\" src=\"https:\/\/paleotraining.com\/wp-content\/uploads\/2023\/11\/13-11.jpg\" class=\"attachment-full size-full wp-post-image\" alt=\"\" srcset=\"https:\/\/paleotraining.com\/wp-content\/uploads\/2023\/11\/13-11.jpg 2400w, https:\/\/paleotraining.com\/wp-content\/uploads\/2023\/11\/13-11-300x200.jpg 300w, https:\/\/paleotraining.com\/wp-content\/uploads\/2023\/11\/13-11-1024x682.jpg 1024w, https:\/\/paleotraining.com\/wp-content\/uploads\/2023\/11\/13-11-768x512.jpg 768w, https:\/\/paleotraining.com\/wp-content\/uploads\/2023\/11\/13-11-1536x1023.jpg 1536w, https:\/\/paleotraining.com\/wp-content\/uploads\/2023\/11\/13-11-2048x1364.jpg 2048w, https:\/\/paleotraining.com\/wp-content\/uploads\/2023\/11\/13-11-18x12.jpg 18w\" sizes=\"(max-width: 2400px) 100vw, 2400px\" \/>\t\t\t<\/div>\n\t\t\t<div class=\"paleo-blog-post-content\">\n\t\t\t\t<h2 class=\"paleo-blog-post-title archivo-expanded\">\n\t\t\t\t\tEnfoque en Empresas de \u00e9xito en el Fitness y sus Trayectorias\t\t\t\t<\/h2>\n\t\t\t\t<p class=\"paleo-blog-post-subtitle\">\n\t\t\t\t\tWelcome to the financially fit newsletter, the ultimate go-to resource for all fitness industry enthusiasts. Whether you're an investor, entrepreneur, or manager, we're here to provide you with insights and advice to navigate the exhilarating business of fitness and achieve remarkable success. In this edition, we shine a spotlight on five incredibly successful fitness companies: F45, Barry's Bootcamp, Orange Theory, Barre, and PaleoTraining. Join us as we explore their journeys and discover what sets them apart in the dynamic world of fitness.\t\t\t\t<\/p>\n\t\t\t\t<a class=\"paleo-blog-readmore\" href=\"https:\/\/paleotraining.com\/es\/2023\/11\/28\/spotlight-on-successful-fitness-companies-and-their-journeys\/\">Leer M\u00e1s<\/a>\n        \n\t\t\t<\/div>\n\t\t<\/article>\n\t\t\t<article class=\"paleo-blog-post\">\n\t\t\t<div class=\"paleo-blog-post-image\">\n\t\t\t\t<img decoding=\"async\" width=\"1280\" height=\"853\" src=\"https:\/\/paleotraining.com\/wp-content\/uploads\/2023\/09\/30-08-1.jpg\" class=\"attachment-full size-full wp-post-image\" alt=\"\" srcset=\"https:\/\/paleotraining.com\/wp-content\/uploads\/2023\/09\/30-08-1.jpg 1280w, https:\/\/paleotraining.com\/wp-content\/uploads\/2023\/09\/30-08-1-300x200.jpg 300w, https:\/\/paleotraining.com\/wp-content\/uploads\/2023\/09\/30-08-1-1024x682.jpg 1024w, https:\/\/paleotraining.com\/wp-content\/uploads\/2023\/09\/30-08-1-768x512.jpg 768w, https:\/\/paleotraining.com\/wp-content\/uploads\/2023\/09\/30-08-1-18x12.jpg 18w\" sizes=\"(max-width: 1280px) 100vw, 1280px\" \/>\t\t\t<\/div>\n\t\t\t<div class=\"paleo-blog-post-content\">\n\t\t\t\t<h2 class=\"paleo-blog-post-title archivo-expanded\">\n\t\t\t\t\tRegreso a lo Natural. Regreso a lo nuestro (3\/4)\t\t\t\t<\/h2>\n\t\t\t\t<p class=\"paleo-blog-post-subtitle\">\n\t\t\t\t\tLa evoluci\u00f3n de la Dieta Paleo\u00a0\t\t\t\t<\/p>\n\t\t\t\t<a class=\"paleo-blog-readmore\" href=\"https:\/\/paleotraining.com\/es\/2023\/09\/28\/back-to-nature-back-to-ourselves-3-4\/\">Leer M\u00e1s<\/a>\n        \n\t\t\t<\/div>\n\t\t<\/article>\n\t\t\t<article class=\"paleo-blog-post\">\n\t\t\t<div class=\"paleo-blog-post-image\">\n\t\t\t\t<img loading=\"lazy\" decoding=\"async\" width=\"1760\" height=\"1173\" src=\"https:\/\/paleotraining.com\/wp-content\/uploads\/2023\/09\/IMAGENES-BLOG-2-1.jpg\" class=\"attachment-full size-full wp-post-image\" alt=\"\" srcset=\"https:\/\/paleotraining.com\/wp-content\/uploads\/2023\/09\/IMAGENES-BLOG-2-1.jpg 1760w, https:\/\/paleotraining.com\/wp-content\/uploads\/2023\/09\/IMAGENES-BLOG-2-1-300x200.jpg 300w, https:\/\/paleotraining.com\/wp-content\/uploads\/2023\/09\/IMAGENES-BLOG-2-1-1024x682.jpg 1024w, https:\/\/paleotraining.com\/wp-content\/uploads\/2023\/09\/IMAGENES-BLOG-2-1-768x512.jpg 768w, https:\/\/paleotraining.com\/wp-content\/uploads\/2023\/09\/IMAGENES-BLOG-2-1-1536x1024.jpg 1536w, https:\/\/paleotraining.com\/wp-content\/uploads\/2023\/09\/IMAGENES-BLOG-2-1-18x12.jpg 18w\" sizes=\"(max-width: 1760px) 100vw, 1760px\" \/>\t\t\t<\/div>\n\t\t\t<div class=\"paleo-blog-post-content\">\n\t\t\t\t<h2 class=\"paleo-blog-post-title archivo-expanded\">\n\t\t\t\t\tRespirando logros: cuando el aire se vuelve triunfo (Parte 2)\t\t\t\t<\/h2>\n\t\t\t\t<p class=\"paleo-blog-post-subtitle\">\n\t\t\t\t\tLos distintos protocolos HIIT: beneficios de cada uno de ellos y consideraciones\t\t\t\t<\/p>\n\t\t\t\t<a class=\"paleo-blog-readmore\" href=\"https:\/\/paleotraining.com\/es\/2023\/09\/20\/breathing-achievements-when-the-air-turns-into-triumph-part-2\/\">Leer M\u00e1s<\/a>\n        \n\t\t\t<\/div>\n\t\t<\/article>\n\t\t\t<article class=\"paleo-blog-post\">\n\t\t\t<div class=\"paleo-blog-post-image\">\n\t\t\t\t<img loading=\"lazy\" decoding=\"async\" width=\"1280\" height=\"853\" src=\"https:\/\/paleotraining.com\/wp-content\/uploads\/2023\/09\/IMAGENES-BLOG-2.jpg\" class=\"attachment-full size-full wp-post-image\" alt=\"\" srcset=\"https:\/\/paleotraining.com\/wp-content\/uploads\/2023\/09\/IMAGENES-BLOG-2.jpg 1280w, https:\/\/paleotraining.com\/wp-content\/uploads\/2023\/09\/IMAGENES-BLOG-2-300x200.jpg 300w, https:\/\/paleotraining.com\/wp-content\/uploads\/2023\/09\/IMAGENES-BLOG-2-1024x682.jpg 1024w, https:\/\/paleotraining.com\/wp-content\/uploads\/2023\/09\/IMAGENES-BLOG-2-768x512.jpg 768w, https:\/\/paleotraining.com\/wp-content\/uploads\/2023\/09\/IMAGENES-BLOG-2-18x12.jpg 18w\" sizes=\"(max-width: 1280px) 100vw, 1280px\" \/>\t\t\t<\/div>\n\t\t\t<div class=\"paleo-blog-post-content\">\n\t\t\t\t<h2 class=\"paleo-blog-post-title archivo-expanded\">\n\t\t\t\t\t\u2028Potenciando la Diversidad, la Igualdad y la Inclusi\u00f3n: La M\u00e1xima Oportunidad de Inversi\u00f3n\t\t\t\t<\/h2>\n\t\t\t\t<p class=\"paleo-blog-post-subtitle\">\n\t\t\t\t\t\t\t\t\t<\/p>\n\t\t\t\t<a class=\"paleo-blog-readmore\" href=\"https:\/\/paleotraining.com\/es\/2023\/09\/19\/embracing-diversity-equality-and-inclusion-fueling-success-in-the-dynamic-fitness-industry\/\">Leer M\u00e1s<\/a>\n        \n\t\t\t<\/div>\n\t\t<\/article>\n\t\t\n\t\t\n\t<\/div>\n<\/div>\n\t\t\t\t\t\t<\/div>\n\t\t\t\t<\/div>\n\t\t\t\t\t<\/div>\n\t\t\t\t<\/div>\n\t\t\t\t<\/div>","protected":false},"excerpt":{"rendered":"<p>Blog Our workouts focus on functional, real and human movements in a living, wild and nature-like environment.<\/p>","protected":false},"author":1,"featured_media":0,"parent":0,"menu_order":0,"comment_status":"closed","ping_status":"closed","template":"wp-custom-template-blank-full","meta":{"_acf_changed":false,"footnotes":""},"class_list":["post-4083","page","type-page","status-publish","hentry"],"acf":[],"_links":{"self":[{"href":"https:\/\/paleotraining.com\/es\/wp-json\/wp\/v2\/pages\/4083","targetHints":{"allow":["GET"]}}],"collection":[{"href":"https:\/\/paleotraining.com\/es\/wp-json\/wp\/v2\/pages"}],"about":[{"href":"https:\/\/paleotraining.com\/es\/wp-json\/wp\/v2\/types\/page"}],"author":[{"embeddable":true,"href":"https:\/\/paleotraining.com\/es\/wp-json\/wp\/v2\/users\/1"}],"replies":[{"embeddable":true,"href":"https:\/\/paleotraining.com\/es\/wp-json\/wp\/v2\/comments?post=4083"}],"version-history":[{"count":15,"href":"https:\/\/paleotraining.com\/es\/wp-json\/wp\/v2\/pages\/4083\/revisions"}],"predecessor-version":[{"id":4169,"href":"https:\/\/paleotraining.com\/es\/wp-json\/wp\/v2\/pages\/4083\/revisions\/4169"}],"wp:attachment":[{"href":"https:\/\/paleotraining.com\/es\/wp-json\/wp\/v2\/media?parent=4083"}],"curies":[{"name":"wp","href":"https:\/\/api.w.org\/{rel}","templated":true}]}}