{"id":4018,"date":"2025-02-17T18:46:41","date_gmt":"2025-02-17T18:46:41","guid":{"rendered":"https:\/\/paleotraining.com\/?page_id=4018"},"modified":"2025-02-26T17:00:54","modified_gmt":"2025-02-26T17:00:54","slug":"community","status":"publish","type":"page","link":"https:\/\/paleotraining.com\/es\/community\/","title":{"rendered":"Comunidad"},"content":{"rendered":"<div data-elementor-type=\"wp-page\" data-elementor-id=\"4018\" class=\"elementor elementor-4018\">\n\t\t\t\t<div class=\"elementor-element elementor-element-5db3e56 e-flex e-con-boxed e-con e-parent\" data-id=\"5db3e56\" data-element_type=\"container\" data-settings=\"{&quot;background_background&quot;:&quot;classic&quot;}\">\n\t\t\t\t\t<div class=\"e-con-inner\">\n\t\t<div class=\"elementor-element elementor-element-e562883 e-grid e-con-full e-con e-child\" data-id=\"e562883\" data-element_type=\"container\">\n\t\t\t\t<div class=\"elementor-element elementor-element-2ec91d1 elementor-widget elementor-widget-image\" data-id=\"2ec91d1\" data-element_type=\"widget\" data-widget_type=\"image.default\">\n\t\t\t\t<div class=\"elementor-widget-container\">\n\t\t\t\t\t\t\t\t\t\t\t\t\t\t\t<img fetchpriority=\"high\" decoding=\"async\" width=\"758\" height=\"536\" src=\"https:\/\/paleotraining.com\/wp-content\/uploads\/2025\/02\/community-intro.webp\" class=\"attachment-large size-large wp-image-4026\" alt=\"\" srcset=\"https:\/\/paleotraining.com\/wp-content\/uploads\/2025\/02\/community-intro.webp 758w, https:\/\/paleotraining.com\/wp-content\/uploads\/2025\/02\/community-intro-300x212.webp 300w, https:\/\/paleotraining.com\/wp-content\/uploads\/2025\/02\/community-intro-18x12.webp 18w\" sizes=\"(max-width: 758px) 100vw, 758px\" \/>\t\t\t\t\t\t\t\t\t\t\t\t\t\t\t<\/div>\n\t\t\t\t<\/div>\n\t\t<div class=\"elementor-element elementor-element-7d9eb59 e-con-full e-flex e-con e-child\" data-id=\"7d9eb59\" data-element_type=\"container\">\n\t\t\t\t<div class=\"elementor-element elementor-element-084c240 archivo-expanded elementor-widget elementor-widget-heading\" data-id=\"084c240\" data-element_type=\"widget\" data-widget_type=\"heading.default\">\n\t\t\t\t<div class=\"elementor-widget-container\">\n\t\t\t\t\t<h2 class=\"elementor-heading-title elementor-size-default\">Comunidad<\/h2>\t\t\t\t<\/div>\n\t\t\t\t<\/div>\n\t\t\t\t<div class=\"elementor-element elementor-element-84036e9 elementor-widget-divider--view-line elementor-widget elementor-widget-divider\" data-id=\"84036e9\" data-element_type=\"widget\" data-widget_type=\"divider.default\">\n\t\t\t\t<div class=\"elementor-widget-container\">\n\t\t\t\t\t\t\t<div class=\"elementor-divider\">\n\t\t\t<span class=\"elementor-divider-separator\">\n\t\t\t\t\t\t<\/span>\n\t\t<\/div>\n\t\t\t\t\t\t<\/div>\n\t\t\t\t<\/div>\n\t\t\t\t<div class=\"elementor-element elementor-element-0a619f5 elementor-widget elementor-widget-text-editor\" data-id=\"0a619f5\" data-element_type=\"widget\" data-widget_type=\"text-editor.default\">\n\t\t\t\t<div class=\"elementor-widget-container\">\n\t\t\t\t\t\t\t\t\t<p>PaleoTraining delivers short, efficient and fun workouts in small groups. You\u2019ll be surrounded by like-minded individuals, and if you can\u2019t make it, our digital platform \u201cIamPaleo\u201d has you covered with access to our Paleo of the day and workout modifications. These are the best workouts available, anywhere, anytime.<\/p>\t\t\t\t\t\t\t\t<\/div>\n\t\t\t\t<\/div>\n\t\t\t\t<\/div>\n\t\t\t\t<\/div>\n\t\t\t\t\t<\/div>\n\t\t\t\t<\/div>\n\t\t<div class=\"elementor-element elementor-element-b31c351 e-con-full e-flex e-con e-parent\" data-id=\"b31c351\" data-element_type=\"container\">\n\t\t\t\t<div class=\"elementor-element elementor-element-d13a631 elementor-widget elementor-widget-image\" data-id=\"d13a631\" data-element_type=\"widget\" data-widget_type=\"image.default\">\n\t\t\t\t<div class=\"elementor-widget-container\">\n\t\t\t\t\t\t\t\t\t\t\t\t\t\t\t<img decoding=\"async\" width=\"1920\" height=\"960\" src=\"https:\/\/paleotraining.com\/wp-content\/uploads\/2025\/02\/paleofest.webp\" class=\"attachment-full size-full wp-image-4028\" alt=\"\" srcset=\"https:\/\/paleotraining.com\/wp-content\/uploads\/2025\/02\/paleofest.webp 1920w, https:\/\/paleotraining.com\/wp-content\/uploads\/2025\/02\/paleofest-300x150.webp 300w, https:\/\/paleotraining.com\/wp-content\/uploads\/2025\/02\/paleofest-1024x512.webp 1024w, https:\/\/paleotraining.com\/wp-content\/uploads\/2025\/02\/paleofest-768x384.webp 768w, https:\/\/paleotraining.com\/wp-content\/uploads\/2025\/02\/paleofest-1536x768.webp 1536w, https:\/\/paleotraining.com\/wp-content\/uploads\/2025\/02\/paleofest-18x9.webp 18w\" sizes=\"(max-width: 1920px) 100vw, 1920px\" \/>\t\t\t\t\t\t\t\t\t\t\t\t\t\t\t<\/div>\n\t\t\t\t<\/div>\n\t\t\t\t<\/div>\n\t\t<div class=\"elementor-element elementor-element-34751af e-con-full e-flex e-con e-parent\" data-id=\"34751af\" data-element_type=\"container\">\n\t\t\t\t<div class=\"elementor-element elementor-element-aa4ed7e elementor-widget elementor-widget-html\" data-id=\"aa4ed7e\" data-element_type=\"widget\" data-widget_type=\"html.default\">\n\t\t\t\t<div class=\"elementor-widget-container\">\n\t\t\t\t\t<div class=\"marquee-container\">\n<div class=\"marquee marquee-first archivo-expanded\">\n    Paelo Training Fest\n    Paelo Training Fest\n    Paelo Training Fest\n    Paelo Training Fest\n    Paelo Training Fest&nbsp;\n<\/div>\n<div class=\"marquee marquee-second archivo-expanded\">\n    Paelo Training Fest\n    Paelo Training Fest\n    Paelo Training Fest\n    Paelo Training Fest\n    Paelo Training Fest&nbsp;\n<\/div>\n<\/div>\n\n<style>\n.marquee-container {\n    display:flex;\n    height:1.5em;\n    font-size:3rem;\n    white-space:nowrap;\n    position:relative;\n    overflow:hidden;\n}\n.marquee {\n    color:#0000;\n    stroke-width:1px;\n    stroke:var( --e-global-color-9142579 );\n    -webkit-text-stroke-color:var( --e-global-color-9142579 );\n    -webkit-text-stroke-width:1px;\n    text-transform:uppercase;\n    font-size:1em;\n    position:absolute;\n    left:0;\n}\n.marquee-first {\n    animation:20s linear 0s marquee-first infinite, 40s linear 20s marquee-second infinite;\n}\n\n.marquee-second {\n    animation:40s linear 0s marquee-second infinite;\n}\n\n@keyframes marquee-first {\n  from {\n      translate:0;\n  }\n  to {\n      translate:-100%;\n  }\n}\n\n@keyframes marquee-second {\n  from {\n      translate:100%;\n  }\n  to {\n      translate:-100%;\n  }\n}\n<\/style>\t\t\t\t<\/div>\n\t\t\t\t<\/div>\n\t\t\t\t<\/div>\n\t\t<div class=\"elementor-element elementor-element-8b42671 e-con-full e-flex e-con e-parent\" data-id=\"8b42671\" data-element_type=\"container\">\n\t\t\t\t<div class=\"elementor-element elementor-element-43b5262 elementor-widget elementor-widget-image\" data-id=\"43b5262\" data-element_type=\"widget\" data-widget_type=\"image.default\">\n\t\t\t\t<div class=\"elementor-widget-container\">\n\t\t\t\t\t\t\t\t\t\t\t\t\t\t\t<img decoding=\"async\" width=\"1920\" height=\"422\" src=\"https:\/\/paleotraining.com\/wp-content\/uploads\/2025\/02\/paleofest-images.webp\" class=\"attachment-full size-full wp-image-4038\" alt=\"\" srcset=\"https:\/\/paleotraining.com\/wp-content\/uploads\/2025\/02\/paleofest-images.webp 1920w, https:\/\/paleotraining.com\/wp-content\/uploads\/2025\/02\/paleofest-images-300x66.webp 300w, https:\/\/paleotraining.com\/wp-content\/uploads\/2025\/02\/paleofest-images-1024x225.webp 1024w, https:\/\/paleotraining.com\/wp-content\/uploads\/2025\/02\/paleofest-images-768x169.webp 768w, https:\/\/paleotraining.com\/wp-content\/uploads\/2025\/02\/paleofest-images-1536x338.webp 1536w, https:\/\/paleotraining.com\/wp-content\/uploads\/2025\/02\/paleofest-images-18x4.webp 18w\" sizes=\"(max-width: 1920px) 100vw, 1920px\" \/>\t\t\t\t\t\t\t\t\t\t\t\t\t\t\t<\/div>\n\t\t\t\t<\/div>\n\t\t\t\t<\/div>\n\t\t<div class=\"elementor-element elementor-element-d2a81c3 e-flex e-con-boxed e-con e-parent\" data-id=\"d2a81c3\" data-element_type=\"container\" id=\"pt-fest\" data-settings=\"{&quot;background_background&quot;:&quot;classic&quot;}\">\n\t\t\t\t\t<div class=\"e-con-inner\">\n\t\t<div class=\"elementor-element elementor-element-d1bb5ab e-grid e-con-full e-con e-child\" data-id=\"d1bb5ab\" data-element_type=\"container\">\n\t\t\t\t<div class=\"elementor-element elementor-element-9a11fef archivo-expanded elementor-widget elementor-widget-heading\" data-id=\"9a11fef\" data-element_type=\"widget\" data-widget_type=\"heading.default\">\n\t\t\t\t<div class=\"elementor-widget-container\">\n\t\t\t\t\t<h2 class=\"elementor-heading-title elementor-size-default\">Paleo<br>\nTraining<br>\nFest<\/h2>\t\t\t\t<\/div>\n\t\t\t\t<\/div>\n\t\t\t\t<div class=\"elementor-element elementor-element-26de428 elementor-widget elementor-widget-text-editor\" data-id=\"26de428\" data-element_type=\"widget\" data-widget_type=\"text-editor.default\">\n\t\t\t\t<div class=\"elementor-widget-container\">\n\t\t\t\t\t\t\t\t\t<p>La filosof\u00eda centrada en la comunidad de PaleoTraining es uno de los atributos m\u00e1s valiosos de la experiencia de la marca. Tan pronto como te unas, te sentir\u00e1s bienvenido(a) y acogido(a) por un grupo de miembros de la comunidad con ideas afines que va mucho m\u00e1s all\u00e1 de estar a tu lado durante tus entrenamientos. Enriquecida por un calendario diverso e internacional de eventos y programas atractivos, nuestra s\u00f3lida comunidad se enfoca en el desarrollo personal, el crecimiento y la maximizaci\u00f3n del potencial del individuo y del propio grupo. Esto va m\u00e1s all\u00e1 de los l\u00edmites del estudio y de PaleoTraining en s\u00ed, forjando amistades fuertes y duraderas basadas en una base com\u00fan de desarrollo y mejora personal. Nuestra comunidad es mucho m\u00e1s que amigos, es nuestra familia de PaleoTraining.<\/p>\t\t\t\t\t\t\t\t<\/div>\n\t\t\t\t<\/div>\n\t\t\t\t<\/div>\n\t\t\t\t\t<\/div>\n\t\t\t\t<\/div>\n\t\t<div class=\"elementor-element elementor-element-01348ee e-grid e-con-boxed e-con e-parent\" data-id=\"01348ee\" data-element_type=\"container\" data-settings=\"{&quot;background_background&quot;:&quot;classic&quot;}\">\n\t\t\t\t\t<div class=\"e-con-inner\">\n\t\t<div class=\"elementor-element elementor-element-25bc73c e-con-full e-flex e-con e-child\" data-id=\"25bc73c\" data-element_type=\"container\">\n\t\t\t\t<div class=\"elementor-element elementor-element-f98667c archivo-expanded elementor-widget elementor-widget-heading\" data-id=\"f98667c\" data-element_type=\"widget\" data-widget_type=\"heading.default\">\n\t\t\t\t<div class=\"elementor-widget-container\">\n\t\t\t\t\t<h2 class=\"elementor-heading-title elementor-size-default\">Humaniac<\/h2>\t\t\t\t<\/div>\n\t\t\t\t<\/div>\n\t\t\t\t<div class=\"elementor-element elementor-element-912c807 elementor-widget elementor-widget-text-editor\" data-id=\"912c807\" data-element_type=\"widget\" data-widget_type=\"text-editor.default\">\n\t\t\t\t<div class=\"elementor-widget-container\">\n\t\t\t\t\t\t\t\t\t<p>Humaniac es m\u00e1s que un encuentro presencial para debatir, profundizar y aprender sobre salud, nutrici\u00f3n y ejercicio. Es un evento \u00fanico que busca crear una experiencia inmersiva para los asistentes, con una amplia gama de actividades y sesiones dise\u00f1adas para educar e inspirar.<\/p><p>Adem\u00e1s de charlas informativas y debates con destacados expertos en el campo de la salud evolutiva, Humaniac tambi\u00e9n ofrece actividades pr\u00e1cticas de cocina y talleres. Estas sesiones brindan a los participantes la oportunidad de aprender nuevas habilidades culinarias y descubrir c\u00f3mo preparar comidas saludables y deliciosas que se alinean con los principios de la nutrici\u00f3n evolutiva.<\/p><p>Humaniac tambi\u00e9n se encuentra a la vanguardia de las \u00faltimas investigaciones y avances en el campo de la salud evolutiva. Los asistentes se mantendr\u00e1n al d\u00eda con nuevos descubrimientos que les ayudar\u00e1n a comprender mejor nuestra situaci\u00f3n y c\u00f3mo podemos mejorar nuestras vidas aplicando este conocimiento.<\/p><p>Adem\u00e1s, Humaniac se centra en la importancia de la actividad f\u00edsica y el movimiento natural. El evento alienta a los asistentes a moverse y experimentar la alegr\u00eda del ejercicio de una manera sincera y divertida, con actividades como entrenamientos al aire libre, caminatas y otros desaf\u00edos f\u00edsicos.<\/p><p>En general, Humaniac es una experiencia inolvidable que combina educaci\u00f3n, entretenimiento e inspiraci\u00f3n. Es la oportunidad perfecta para conectar con personas afines y aprender de los mejores oradores en los temas m\u00e1s importantes de nuestras vidas.<\/p>\t\t\t\t\t\t\t\t<\/div>\n\t\t\t\t<\/div>\n\t\t\t\t<\/div>\n\t\t\t\t<div class=\"elementor-element elementor-element-0809d2c elementor-widget elementor-widget-image\" data-id=\"0809d2c\" data-element_type=\"widget\" data-widget_type=\"image.default\">\n\t\t\t\t<div class=\"elementor-widget-container\">\n\t\t\t\t\t\t\t\t\t\t\t\t\t\t\t<img loading=\"lazy\" decoding=\"async\" width=\"512\" height=\"621\" src=\"https:\/\/paleotraining.com\/wp-content\/uploads\/2025\/02\/humaniac.webp\" class=\"attachment-full size-full wp-image-4042\" alt=\"\" srcset=\"https:\/\/paleotraining.com\/wp-content\/uploads\/2025\/02\/humaniac.webp 512w, https:\/\/paleotraining.com\/wp-content\/uploads\/2025\/02\/humaniac-247x300.webp 247w, https:\/\/paleotraining.com\/wp-content\/uploads\/2025\/02\/humaniac-10x12.webp 10w\" sizes=\"(max-width: 512px) 100vw, 512px\" \/>\t\t\t\t\t\t\t\t\t\t\t\t\t\t\t<\/div>\n\t\t\t\t<\/div>\n\t\t\t\t\t<\/div>\n\t\t\t\t<\/div>\n\t\t<div class=\"elementor-element elementor-element-ddcf1af e-con-full e-flex e-con e-parent\" data-id=\"ddcf1af\" data-element_type=\"container\">\n\t\t\t\t<div class=\"elementor-element elementor-element-20ef658 elementor-widget elementor-widget-image\" data-id=\"20ef658\" data-element_type=\"widget\" data-widget_type=\"image.default\">\n\t\t\t\t<div class=\"elementor-widget-container\">\n\t\t\t\t\t\t\t\t\t\t\t\t\t\t\t<img loading=\"lazy\" decoding=\"async\" width=\"1920\" height=\"827\" src=\"https:\/\/paleotraining.com\/wp-content\/uploads\/2025\/02\/the-hunting-race.webp\" class=\"attachment-full size-full wp-image-4043\" alt=\"\" srcset=\"https:\/\/paleotraining.com\/wp-content\/uploads\/2025\/02\/the-hunting-race.webp 1920w, https:\/\/paleotraining.com\/wp-content\/uploads\/2025\/02\/the-hunting-race-300x129.webp 300w, https:\/\/paleotraining.com\/wp-content\/uploads\/2025\/02\/the-hunting-race-1024x441.webp 1024w, https:\/\/paleotraining.com\/wp-content\/uploads\/2025\/02\/the-hunting-race-768x331.webp 768w, https:\/\/paleotraining.com\/wp-content\/uploads\/2025\/02\/the-hunting-race-1536x662.webp 1536w, https:\/\/paleotraining.com\/wp-content\/uploads\/2025\/02\/the-hunting-race-18x8.webp 18w\" sizes=\"(max-width: 1920px) 100vw, 1920px\" \/>\t\t\t\t\t\t\t\t\t\t\t\t\t\t\t<\/div>\n\t\t\t\t<\/div>\n\t\t\t\t<\/div>\n\t\t<div class=\"elementor-element elementor-element-c2fbb96 e-flex e-con-boxed e-con e-parent\" data-id=\"c2fbb96\" data-element_type=\"container\" data-settings=\"{&quot;background_background&quot;:&quot;classic&quot;}\">\n\t\t\t\t\t<div class=\"e-con-inner\">\n\t\t<div class=\"elementor-element elementor-element-da76d72 e-grid e-con-full e-con e-child\" data-id=\"da76d72\" data-element_type=\"container\">\n\t\t\t\t<div class=\"elementor-element elementor-element-db9cd38 archivo-expanded elementor-widget elementor-widget-heading\" data-id=\"db9cd38\" data-element_type=\"widget\" data-widget_type=\"heading.default\">\n\t\t\t\t<div class=\"elementor-widget-container\">\n\t\t\t\t\t<h2 class=\"elementor-heading-title elementor-size-default\">THE<br>\nHUNTING<br>\nRACE<\/h2>\t\t\t\t<\/div>\n\t\t\t\t<\/div>\n\t\t\t\t<div class=\"elementor-element elementor-element-a7eb2e2 elementor-widget elementor-widget-text-editor\" data-id=\"a7eb2e2\" data-element_type=\"widget\" data-widget_type=\"text-editor.default\">\n\t\t\t\t<div class=\"elementor-widget-container\">\n\t\t\t\t\t\t\t\t\t<p>La Hunting Race en el Paleotraining Fest es una competici\u00f3n por equipos dise\u00f1ada para ser inclusiva para todas las edades y habilidades. Cada equipo est\u00e1 compuesto por cuatro personas, y el recorrido est\u00e1 dise\u00f1ado para desafiar y motivar a todos, desde el atleta experimentado hasta el principiante.<\/p><p>El evento no trata solo de condici\u00f3n f\u00edsica, sino tambi\u00e9n de resistencia mental y trabajo en equipo. La Hunting Race anima a los participantes a trabajar juntos y apoyarse mutuamente, sin importar cu\u00e1les sean sus fortalezas o debilidades individuales.<br \/>Esta competici\u00f3n es una celebraci\u00f3n de nuestro pasado evolutivo y la forma en que nuestros cuerpos fueron dise\u00f1ados para moverse. Se trata de reconectar con nuestros instintos naturales y abrazar nuestro esp\u00edritu de cazador-recolector. <br \/>Ya seas un joven, adulto o una persona mayor, la Hunting Race ofrece una forma divertida y emocionante de desafiarte a ti mismo y experimentar la emoci\u00f3n de la caza. \u00a1As\u00ed que re\u00fane a tu equipo, ata tus zapatillas y prep\u00e1rate para una aventura inolvidable en el Paleotraining Fest!<\/p>\t\t\t\t\t\t\t\t<\/div>\n\t\t\t\t<\/div>\n\t\t\t\t<\/div>\n\t\t\t\t\t<\/div>\n\t\t\t\t<\/div>\n\t\t\t\t<\/div>","protected":false},"excerpt":{"rendered":"<p>Community PaleoTraining delivers short, efficient and fun workouts in small groups. You\u2019ll be surrounded by like-minded individuals, and if you can\u2019t make it, our digital platform \u201cIamPaleo\u201d has you covered with access to our Paleo of the day and workout modifications. These are the best workouts available, anywhere, anytime. Paelo Training Fest Paelo Training Fest [&hellip;]<\/p>","protected":false},"author":1,"featured_media":0,"parent":0,"menu_order":0,"comment_status":"closed","ping_status":"closed","template":"wp-custom-template-blank-full","meta":{"_acf_changed":false,"footnotes":""},"class_list":["post-4018","page","type-page","status-publish","hentry"],"acf":[],"_links":{"self":[{"href":"https:\/\/paleotraining.com\/es\/wp-json\/wp\/v2\/pages\/4018","targetHints":{"allow":["GET"]}}],"collection":[{"href":"https:\/\/paleotraining.com\/es\/wp-json\/wp\/v2\/pages"}],"about":[{"href":"https:\/\/paleotraining.com\/es\/wp-json\/wp\/v2\/types\/page"}],"author":[{"embeddable":true,"href":"https:\/\/paleotraining.com\/es\/wp-json\/wp\/v2\/users\/1"}],"replies":[{"embeddable":true,"href":"https:\/\/paleotraining.com\/es\/wp-json\/wp\/v2\/comments?post=4018"}],"version-history":[{"count":66,"href":"https:\/\/paleotraining.com\/es\/wp-json\/wp\/v2\/pages\/4018\/revisions"}],"predecessor-version":[{"id":4434,"href":"https:\/\/paleotraining.com\/es\/wp-json\/wp\/v2\/pages\/4018\/revisions\/4434"}],"wp:attachment":[{"href":"https:\/\/paleotraining.com\/es\/wp-json\/wp\/v2\/media?parent=4018"}],"curies":[{"name":"wp","href":"https:\/\/api.w.org\/{rel}","templated":true}]}}