{"id":3993,"date":"2025-02-17T18:33:59","date_gmt":"2025-02-17T18:33:59","guid":{"rendered":"https:\/\/paleotraining.com\/?page_id=3993"},"modified":"2025-02-17T18:42:48","modified_gmt":"2025-02-17T18:42:48","slug":"contact","status":"publish","type":"page","link":"https:\/\/paleotraining.com\/es\/contact\/","title":{"rendered":"Contact"},"content":{"rendered":"<div data-elementor-type=\"wp-page\" data-elementor-id=\"3993\" class=\"elementor elementor-3993\">\n\t\t\t\t<div class=\"elementor-element elementor-element-3070a33 e-flex e-con-boxed e-con e-parent\" data-id=\"3070a33\" data-element_type=\"container\" data-settings=\"{&quot;background_background&quot;:&quot;classic&quot;}\">\n\t\t\t\t\t<div class=\"e-con-inner\">\n\t\t<div class=\"elementor-element elementor-element-1705964 e-grid e-con-full e-con e-child\" data-id=\"1705964\" data-element_type=\"container\">\n\t\t\t\t<div class=\"elementor-element elementor-element-6ae5c90 archivo-expanded elementor-widget elementor-widget-heading\" data-id=\"6ae5c90\" data-element_type=\"widget\" data-widget_type=\"heading.default\">\n\t\t\t\t<div class=\"elementor-widget-container\">\n\t\t\t\t\t<h2 class=\"elementor-heading-title elementor-size-default\">We'd love to hear from you!<\/h2>\t\t\t\t<\/div>\n\t\t\t\t<\/div>\n\t\t\t\t<div class=\"elementor-element elementor-element-0d2140b elementor-widget elementor-widget-text-editor\" data-id=\"0d2140b\" data-element_type=\"widget\" data-widget_type=\"text-editor.default\">\n\t\t\t\t<div class=\"elementor-widget-container\">\n\t\t\t\t\t\t\t\t\t<p>Nuestros entrenamientos se centran en movimientos funcionales, reales y humanos en un entorno vivo, salvaje y parecido a la naturaleza. Nuestras instalaciones est\u00e1n dise\u00f1adas para replicar la naturaleza, utilizando troncos de madera, c\u00e9sped y cuerdas. En nuestros estudios de PaleoTraining te sentir\u00e1s inmerso en la naturaleza manteniendo un sentido de diversi\u00f3n y juego.<br \/>nature-like environment. Our facilities are designed to replicate nature, using wood logs, grass and ropes. At our PaleoCenters you will feel like you are immersed in nature whilst maintaining a sense of fun and playfulness.<\/p><p>PaleoTraining se enfoca en entrenamientos grupales guiados que son cortos, intensos y eficientes. Al mismo tiempo, nuestra tecnolog\u00eda, SYLEX, permite que las personas entrenen de forma individual y disfruten de una experiencia completa de PaleoTraining por s\u00ed mismas.<\/p>\t\t\t\t\t\t\t\t<\/div>\n\t\t\t\t<\/div>\n\t\t\t\t<\/div>\n\t\t\t\t\t<\/div>\n\t\t\t\t<\/div>\n\t\t<div class=\"elementor-element elementor-element-7696cf6 e-flex e-con-boxed e-con e-parent\" data-id=\"7696cf6\" data-element_type=\"container\" data-settings=\"{&quot;background_background&quot;:&quot;classic&quot;}\">\n\t\t\t\t\t<div class=\"e-con-inner\">\n\t\t\t\t<div class=\"elementor-element elementor-element-bfe723a eael-contact-form-7-button-align-left eael-contact-form-7-button-custom elementor-widget elementor-widget-eael-contact-form-7\" data-id=\"bfe723a\" data-element_type=\"widget\" data-widget_type=\"eael-contact-form-7.default\">\n\t\t\t\t<div class=\"elementor-widget-container\">\n\t\t\t\t\t<div class=\"eael-contact-form-7-wrapper\">\n                <div class=\"eael-contact-form eael-contact-form-7 eael-contact-form-bfe723a placeholder-show eael-contact-form-align-default\">\n<div class=\"wpcf7 no-js\" id=\"wpcf7-f984-o1\" lang=\"en-US\" dir=\"ltr\" data-wpcf7-id=\"984\">\n<div class=\"screen-reader-response\"><p role=\"status\" aria-live=\"polite\" aria-atomic=\"true\"><\/p> <ul><\/ul><\/div>\n<form action=\"\/es\/wp-json\/wp\/v2\/pages\/3993#wpcf7-f984-o1\" method=\"post\" class=\"wpcf7-form init\" aria-label=\"Contact form\" novalidate=\"novalidate\" data-status=\"init\" data-trp-original-action=\"\/es\/wp-json\/wp\/v2\/pages\/3993#wpcf7-f984-o1\">\n<fieldset class=\"hidden-fields-container\"><input type=\"hidden\" name=\"_wpcf7\" value=\"984\" \/><input type=\"hidden\" name=\"_wpcf7_version\" value=\"6.1.4\" \/><input type=\"hidden\" name=\"_wpcf7_locale\" value=\"en_US\" \/><input type=\"hidden\" name=\"_wpcf7_unit_tag\" value=\"wpcf7-f984-o1\" \/><input type=\"hidden\" name=\"_wpcf7_container_post\" value=\"0\" \/><input type=\"hidden\" name=\"_wpcf7_posted_data_hash\" value=\"\" \/><input type=\"hidden\" name=\"_wpcf7_recaptcha_response\" value=\"\" \/>\n<\/fieldset>\n<p><label> How Can We Help You?<br \/>\n<span class=\"wpcf7-form-control-wrap\" data-name=\"HowCanWeHelpYou\"><span class=\"wpcf7-form-control wpcf7-radio\"><span class=\"wpcf7-list-item first\"><label><input type=\"radio\" name=\"HowCanWeHelpYou\" value=\"Explore The Workout\" checked=\"checked\" \/><span class=\"wpcf7-list-item-label\">Explore The Workout<\/span><\/label><\/span><span class=\"wpcf7-list-item last\"><label><input type=\"radio\" name=\"HowCanWeHelpYou\" value=\"Start My Own Studio\" \/><span class=\"wpcf7-list-item-label\">Start My Own Studio<\/span><\/label><\/span><\/span><\/span><br \/>\n<\/label>\n<\/p>\n<p><label> Nombre<br \/>\n<span class=\"wpcf7-form-control-wrap\" data-name=\"your-name\"><input size=\"40\" maxlength=\"400\" class=\"wpcf7-form-control wpcf7-text wpcf7-validates-as-required\" autocomplete=\"name\" aria-required=\"true\" aria-invalid=\"false\" value=\"\" type=\"text\" name=\"your-name\" \/><\/span> <\/label>\n<\/p>\n<p><label> Email<br \/>\n<span class=\"wpcf7-form-control-wrap\" data-name=\"your-email\"><input size=\"40\" maxlength=\"400\" class=\"wpcf7-form-control wpcf7-email wpcf7-validates-as-required wpcf7-text wpcf7-validates-as-email\" autocomplete=\"email\" aria-required=\"true\" aria-invalid=\"false\" value=\"\" type=\"email\" name=\"your-email\" \/><\/span> <\/label>\n<\/p>\n<p><label> Tel\u00e9fono<br \/>\n<span class=\"wpcf7-form-control-wrap\" data-name=\"telephone\"><input size=\"40\" maxlength=\"400\" class=\"wpcf7-form-control wpcf7-text wpcf7-validates-as-required\" aria-required=\"true\" aria-invalid=\"false\" value=\"\" type=\"text\" name=\"telephone\" \/><\/span> <\/label>\n<\/p>\n<p><label> Mensaje<br \/>\n<span class=\"wpcf7-form-control-wrap\" data-name=\"your-message\"><textarea cols=\"40\" rows=\"10\" maxlength=\"2000\" class=\"wpcf7-form-control wpcf7-textarea\" aria-invalid=\"false\" name=\"your-message\"><\/textarea><\/span> <\/label>\n<\/p>\n<p><input class=\"wpcf7-form-control wpcf7-submit has-spinner\" type=\"submit\" value=\"Enviar\" \/>\n<\/p><input type='hidden' class='wpcf7-pum' value='{\"closepopup\":false,\"closedelay\":0,\"openpopup\":false,\"openpopup_id\":0}' \/><div class=\"wpcf7-response-output\" aria-hidden=\"true\"><\/div>\n<input type=\"hidden\" name=\"trp-form-language\" value=\"es\"\/><\/form>\n<\/div>\n<\/div>\n            <\/div>\t\t\t\t<\/div>\n\t\t\t\t<\/div>\n\t\t\t\t\t<\/div>\n\t\t\t\t<\/div>\n\t\t\t\t<\/div>","protected":false},"excerpt":{"rendered":"<p>We&#8217;d love to hear from you! Our workouts focus on functional, real and human movements in a living, wild andnature-like environment. Our facilities are designed to replicate nature, using wood logs, grass and ropes. At our PaleoCenters you will feel like you are immersed in nature whilst maintaining a sense of fun and playfulness. PaleoTraining [&hellip;]<\/p>","protected":false},"author":1,"featured_media":0,"parent":0,"menu_order":0,"comment_status":"closed","ping_status":"closed","template":"wp-custom-template-blank-full","meta":{"_acf_changed":false,"footnotes":""},"class_list":["post-3993","page","type-page","status-publish","hentry"],"acf":[],"_links":{"self":[{"href":"https:\/\/paleotraining.com\/es\/wp-json\/wp\/v2\/pages\/3993","targetHints":{"allow":["GET"]}}],"collection":[{"href":"https:\/\/paleotraining.com\/es\/wp-json\/wp\/v2\/pages"}],"about":[{"href":"https:\/\/paleotraining.com\/es\/wp-json\/wp\/v2\/types\/page"}],"author":[{"embeddable":true,"href":"https:\/\/paleotraining.com\/es\/wp-json\/wp\/v2\/users\/1"}],"replies":[{"embeddable":true,"href":"https:\/\/paleotraining.com\/es\/wp-json\/wp\/v2\/comments?post=3993"}],"version-history":[{"count":13,"href":"https:\/\/paleotraining.com\/es\/wp-json\/wp\/v2\/pages\/3993\/revisions"}],"predecessor-version":[{"id":4017,"href":"https:\/\/paleotraining.com\/es\/wp-json\/wp\/v2\/pages\/3993\/revisions\/4017"}],"wp:attachment":[{"href":"https:\/\/paleotraining.com\/es\/wp-json\/wp\/v2\/media?parent=3993"}],"curies":[{"name":"wp","href":"https:\/\/api.w.org\/{rel}","templated":true}]}}